{"id":2461,"date":"2022-04-17T08:59:05","date_gmt":"2022-04-17T08:59:05","guid":{"rendered":"https:\/\/swiss-pvd-coating.ch\/service\/"},"modified":"2022-05-18T13:00:08","modified_gmt":"2022-05-18T13:00:08","slug":"service","status":"publish","type":"page","link":"https:\/\/swiss-pvd-coating.ch\/fr\/service\/","title":{"rendered":"Service"},"content":{"rendered":"<p>[et_pb_section fb_built=\u00a0\u00bb1&Prime; _builder_version=\u00a0\u00bb4.16&Prime; _module_preset=\u00a0\u00bbfdba456b-3aab-4823-ac95-30ff89c7be22&Prime; background_image=\u00a0\u00bbhttps:\/\/swiss-pvd-coating.ch\/wp-content\/uploads\/2022\/02\/swiss_PVD_Coating_Header_Bild_Service.jpg\u00a0\u00bb global_colors_info=\u00a0\u00bb{}\u00a0\u00bb][et_pb_row _builder_version=\u00a0\u00bb4.16&Prime; _module_preset=\u00a0\u00bbbfccc00c-ac70-482f-9713-4846d3a5dda8&Prime; min_height=\u00a0\u00bb35vw\u00a0\u00bb min_height_tablet=\u00a0\u00bb35vw\u00a0\u00bb min_height_phone=\u00a0\u00bb35vw\u00a0\u00bb min_height_last_edited=\u00a0\u00bbon|desktop\u00a0\u00bb custom_css_main_element=\u00a0\u00bbdisplay: flex;||flex-direction: column;||justify-content:flex-end;\u00a0\u00bb global_colors_info=\u00a0\u00bb{}\u00a0\u00bb][et_pb_column type=\u00a0\u00bb4_4&Prime; _builder_version=\u00a0\u00bb4.16&Prime; _module_preset=\u00a0\u00bbdefault\u00a0\u00bb global_colors_info=\u00a0\u00bb{}\u00a0\u00bb][et_pb_text _builder_version=\u00a0\u00bb4.16&Prime; _module_preset=\u00a0\u00bbdefault\u00a0\u00bb header_text_color=\u00a0\u00bb#FFFFFF\u00a0\u00bb custom_margin=\u00a0\u00bb||-7px||false|false\u00a0\u00bb custom_margin_tablet=\u00a0\u00bb||-9px||false|false\u00a0\u00bb custom_margin_phone=\u00a0\u00bb||-10px||false|false\u00a0\u00bb custom_margin_last_edited=\u00a0\u00bbon|desktop\u00a0\u00bb global_colors_info=\u00a0\u00bb{}\u00a0\u00bb]<\/p>\n<h1>Nos services<\/h1>\n<p>[\/et_pb_text][et_pb_text _builder_version=\u00a0\u00bb4.17.3&Prime; _module_preset=\u00a0\u00bbdefault\u00a0\u00bb header_font=\u00a0\u00bbBiennale Light||||||||\u00a0\u00bb header_text_color=\u00a0\u00bb#FFFFFF\u00a0\u00bb custom_margin=\u00a0\u00bb||18px||false|false\u00a0\u00bb custom_margin_tablet=\u00a0\u00bb||10px||false|false\u00a0\u00bb custom_margin_phone=\u00a0\u00bb||10px||false|false\u00a0\u00bb custom_margin_last_edited=\u00a0\u00bbon|desktop\u00a0\u00bb hover_enabled=\u00a0\u00bb0&Prime; global_colors_info=\u00a0\u00bb{}\u00a0\u00bb module_class=\u00a0\u00bblight\u00a0\u00bb sticky_enabled=\u00a0\u00bb0&Prime;]<\/p>\n<h1>Une solution compl\u00e8te<\/h1>\n<p>[\/et_pb_text][et_pb_image src=\u00a0\u00bbhttps:\/\/swiss-pvd-coating.ch\/wp-content\/uploads\/2022\/01\/Header_Pfeil.svg\u00a0\u00bb url=\u00a0\u00bb#starttext\u00a0\u00bb _builder_version=\u00a0\u00bb4.17.3&Prime; _module_preset=\u00a0\u00bbdefault\u00a0\u00bb width=\u00a0\u00bb70px\u00a0\u00bb width_tablet=\u00a0\u00bb55px\u00a0\u00bb width_phone=\u00a0\u00bb45px\u00a0\u00bb width_last_edited=\u00a0\u00bbon|desktop\u00a0\u00bb global_colors_info=\u00a0\u00bb{}\u00a0\u00bb][\/et_pb_image][\/et_pb_column][\/et_pb_row][\/et_pb_section][et_pb_section fb_built=\u00a0\u00bb1&Prime; module_id=\u00a0\u00bbstarttext\u00a0\u00bb _builder_version=\u00a0\u00bb4.16&Prime; _module_preset=\u00a0\u00bbfdba456b-3aab-4823-ac95-30ff89c7be22&Prime; custom_padding=\u00a0\u00bb80px|||||\u00a0\u00bb global_colors_info=\u00a0\u00bb{}\u00a0\u00bb][et_pb_row _builder_version=\u00a0\u00bb4.16&Prime; _module_preset=\u00a0\u00bbbfccc00c-ac70-482f-9713-4846d3a5dda8&Prime; global_colors_info=\u00a0\u00bb{}\u00a0\u00bb][et_pb_column type=\u00a0\u00bb4_4&Prime; _builder_version=\u00a0\u00bb4.16&Prime; _module_preset=\u00a0\u00bbdefault\u00a0\u00bb global_colors_info=\u00a0\u00bb{}\u00a0\u00bb][et_pb_text _builder_version=\u00a0\u00bb4.16&Prime; _module_preset=\u00a0\u00bb9171a5ab-4b16-49db-a0f8-6428bbd4c5d3&Prime; custom_margin=\u00a0\u00bb||-5px||false|false\u00a0\u00bb custom_margin_tablet=\u00a0\u00bb||-8px||false|false\u00a0\u00bb custom_margin_phone=\u00a0\u00bb||-8px||false|false\u00a0\u00bb custom_margin_last_edited=\u00a0\u00bbon|desktop\u00a0\u00bb inline_fonts=\u00a0\u00bbBiennale Regular,Biennale Light\u00a0\u00bb global_colors_info=\u00a0\u00bb{}\u00a0\u00bb]<\/p>\n<h2>Nous offrons une vari\u00e9t\u00e9 de service suppl\u00e9mentaire \u00e0 notre PVD<\/h2>\n<p>[\/et_pb_text][\/et_pb_column][\/et_pb_row][\/et_pb_section][et_pb_section fb_built=\u00a0\u00bb1&Prime; _builder_version=\u00a0\u00bb4.16&Prime; _module_preset=\u00a0\u00bbfdba456b-3aab-4823-ac95-30ff89c7be22&Prime; global_colors_info=\u00a0\u00bb{}\u00a0\u00bb][et_pb_row column_structure=\u00a0\u00bb1_2,1_2&Prime; use_custom_gutter=\u00a0\u00bbon\u00a0\u00bb gutter_width=\u00a0\u00bb1&Prime; module_class=\u00a0\u00bbcustom-text\u00a0\u00bb _builder_version=\u00a0\u00bb4.16&Prime; _module_preset=\u00a0\u00bbbfccc00c-ac70-482f-9713-4846d3a5dda8&Prime; custom_padding=\u00a0\u00bb||0px|||\u00a0\u00bb custom_padding_tablet=\u00a0\u00bb15px||0px||false|false\u00a0\u00bb custom_padding_phone=\u00a0\u00bb10px||0px||false|false\u00a0\u00bb global_colors_info=\u00a0\u00bb{}\u00a0\u00bb][et_pb_column type=\u00a0\u00bb1_2&Prime; module_class=\u00a0\u00bbteaser\u00a0\u00bb _builder_version=\u00a0\u00bb4.16&Prime; _module_preset=\u00a0\u00bbdefault\u00a0\u00bb link_option_url=\u00a0\u00bbhttps:\/\/swiss-pvd-coating.ch\/fr\/pre-traitement\/\u00a0\u00bb global_colors_info=\u00a0\u00bb{}\u00a0\u00bb][et_pb_image src=\u00a0\u00bbhttps:\/\/swiss-pvd-coating.ch\/wp-content\/uploads\/2022\/02\/swiss_PVD_Coating_Teaser_Service_Vorbehandlung.jpg\u00a0\u00bb module_class=\u00a0\u00bbet-zoom-in\u00a0\u00bb _builder_version=\u00a0\u00bb4.17.3&Prime; _module_preset=\u00a0\u00bbdefault\u00a0\u00bb global_colors_info=\u00a0\u00bb{}\u00a0\u00bb][\/et_pb_image][et_pb_text admin_label=\u00a0\u00bbTeaser-Text mit Rand B\u00a0\u00bb _builder_version=\u00a0\u00bb4.16&Prime; _module_preset=\u00a0\u00bbdefault\u00a0\u00bb text_font=\u00a0\u00bbBiennale Medium||||||||\u00a0\u00bb text_text_color=\u00a0\u00bb#FFFFFF\u00a0\u00bb text_font_size=\u00a0\u00bb2.4vw\u00a0\u00bb text_letter_spacing=\u00a0\u00bb0px\u00a0\u00bb header_4_text_color=\u00a0\u00bb#FFFFFF\u00a0\u00bb positioning=\u00a0\u00bbabsolute\u00a0\u00bb position_origin_a=\u00a0\u00bbbottom_left\u00a0\u00bb vertical_offset=\u00a0\u00bb0px\u00a0\u00bb horizontal_offset=\u00a0\u00bb3.3vw\u00a0\u00bb horizontal_offset_tablet=\u00a0\u00bb5vw\u00a0\u00bb horizontal_offset_phone=\u00a0\u00bb5vw\u00a0\u00bb horizontal_offset_last_edited=\u00a0\u00bbon|tablet\u00a0\u00bb width_tablet=\u00a0\u00bb\u00a0\u00bb width_phone=\u00a0\u00bbauto\u00a0\u00bb width_last_edited=\u00a0\u00bbon|phone\u00a0\u00bb custom_margin_tablet=\u00a0\u00bb\u00a0\u00bb custom_margin_phone=\u00a0\u00bb\u00a0\u00bb custom_margin_last_edited=\u00a0\u00bbon|tablet\u00a0\u00bb custom_padding=\u00a0\u00bb||1.6vw||false|false\u00a0\u00bb custom_padding_tablet=\u00a0\u00bb||2vw||false|false\u00a0\u00bb custom_padding_phone=\u00a0\u00bb||2vw||false|false\u00a0\u00bb custom_padding_last_edited=\u00a0\u00bbon|desktop\u00a0\u00bb text_font_size_tablet=\u00a0\u00bb5vw\u00a0\u00bb text_font_size_phone=\u00a0\u00bb5vw\u00a0\u00bb text_font_size_last_edited=\u00a0\u00bbon|tablet\u00a0\u00bb border_color_all=\u00a0\u00bb#FFFFFF\u00a0\u00bb border_width_bottom=\u00a0\u00bb1.6vw\u00a0\u00bb border_width_bottom_tablet=\u00a0\u00bb2.8vw\u00a0\u00bb border_width_bottom_phone=\u00a0\u00bb2.8vw\u00a0\u00bb border_width_bottom_last_edited=\u00a0\u00bbon|tablet\u00a0\u00bb global_colors_info=\u00a0\u00bb{}\u00a0\u00bb border_color_bottom__hover_enabled=\u00a0\u00bbon|desktop\u00a0\u00bb border_color_bottom__hover=\u00a0\u00bb#0B6FB5&Prime;]Pr\u00e9-traitement[\/et_pb_text][et_pb_image src=\u00a0\u00bbhttps:\/\/swiss-pvd-coating.ch\/wp-content\/uploads\/2022\/01\/Teaser-Pfeil_A.svg\u00a0\u00bb align=\u00a0\u00bbright\u00a0\u00bb _builder_version=\u00a0\u00bb4.17.3&Prime; _module_preset=\u00a0\u00bbdefault\u00a0\u00bb positioning=\u00a0\u00bbabsolute\u00a0\u00bb position_origin_a=\u00a0\u00bbbottom_right\u00a0\u00bb vertical_offset=\u00a0\u00bb2.8vw\u00a0\u00bb horizontal_offset=\u00a0\u00bb2.2vw\u00a0\u00bb z_index=\u00a0\u00bb9&Prime; vertical_offset_tablet=\u00a0\u00bb3.8vw\u00a0\u00bb vertical_offset_phone=\u00a0\u00bb3.8vw\u00a0\u00bb vertical_offset_last_edited=\u00a0\u00bbon|tablet\u00a0\u00bb horizontal_offset_tablet=\u00a0\u00bb3.8vw\u00a0\u00bb horizontal_offset_phone=\u00a0\u00bb3.8vw\u00a0\u00bb horizontal_offset_last_edited=\u00a0\u00bbon|tablet\u00a0\u00bb width=\u00a0\u00bb3.6vw\u00a0\u00bb width_tablet=\u00a0\u00bb8vw\u00a0\u00bb width_phone=\u00a0\u00bb8vw\u00a0\u00bb width_last_edited=\u00a0\u00bbon|tablet\u00a0\u00bb global_colors_info=\u00a0\u00bb{}\u00a0\u00bb][\/et_pb_image][\/et_pb_column][et_pb_column type=\u00a0\u00bb1_2&Prime; module_class=\u00a0\u00bbteaser\u00a0\u00bb _builder_version=\u00a0\u00bb4.16&Prime; _module_preset=\u00a0\u00bbdefault\u00a0\u00bb link_option_url=\u00a0\u00bbhttps:\/\/swiss-pvd-coating.ch\/fr\/post-traitement\/\u00a0\u00bb global_colors_info=\u00a0\u00bb{}\u00a0\u00bb][et_pb_image src=\u00a0\u00bbhttps:\/\/swiss-pvd-coating.ch\/wp-content\/uploads\/2022\/03\/swiss_PVD_Coating_Teaser_Service_Nachbehandlung.jpg\u00a0\u00bb module_class=\u00a0\u00bbet-zoom-in\u00a0\u00bb _builder_version=\u00a0\u00bb4.17.3&Prime; _module_preset=\u00a0\u00bbdefault\u00a0\u00bb global_colors_info=\u00a0\u00bb{}\u00a0\u00bb][\/et_pb_image][et_pb_text admin_label=\u00a0\u00bbTeaser-Text mit Rand B\u00a0\u00bb _builder_version=\u00a0\u00bb4.16&Prime; _module_preset=\u00a0\u00bbdefault\u00a0\u00bb text_font=\u00a0\u00bbBiennale Medium||||||||\u00a0\u00bb text_text_color=\u00a0\u00bb#FFFFFF\u00a0\u00bb text_font_size=\u00a0\u00bb2.4vw\u00a0\u00bb text_letter_spacing=\u00a0\u00bb0px\u00a0\u00bb header_4_text_color=\u00a0\u00bb#FFFFFF\u00a0\u00bb positioning=\u00a0\u00bbabsolute\u00a0\u00bb position_origin_a=\u00a0\u00bbbottom_left\u00a0\u00bb vertical_offset=\u00a0\u00bb0px\u00a0\u00bb horizontal_offset=\u00a0\u00bb3.3vw\u00a0\u00bb horizontal_offset_tablet=\u00a0\u00bb5vw\u00a0\u00bb horizontal_offset_phone=\u00a0\u00bb5vw\u00a0\u00bb horizontal_offset_last_edited=\u00a0\u00bbon|tablet\u00a0\u00bb width_tablet=\u00a0\u00bbauto\u00a0\u00bb width_phone=\u00a0\u00bbauto\u00a0\u00bb width_last_edited=\u00a0\u00bbon|desktop\u00a0\u00bb custom_padding=\u00a0\u00bb||1.6vw||false|false\u00a0\u00bb custom_padding_tablet=\u00a0\u00bb||2vw||false|false\u00a0\u00bb custom_padding_phone=\u00a0\u00bb||2vw||false|false\u00a0\u00bb custom_padding_last_edited=\u00a0\u00bbon|tablet\u00a0\u00bb text_font_size_tablet=\u00a0\u00bb5vw\u00a0\u00bb text_font_size_phone=\u00a0\u00bb5vw\u00a0\u00bb text_font_size_last_edited=\u00a0\u00bbon|tablet\u00a0\u00bb border_color_all=\u00a0\u00bb#FFFFFF\u00a0\u00bb border_width_bottom=\u00a0\u00bb1.6vw\u00a0\u00bb border_width_bottom_tablet=\u00a0\u00bb2.8vw\u00a0\u00bb border_width_bottom_phone=\u00a0\u00bb2.8vw\u00a0\u00bb border_width_bottom_last_edited=\u00a0\u00bbon|tablet\u00a0\u00bb global_colors_info=\u00a0\u00bb{}\u00a0\u00bb border_color_bottom__hover_enabled=\u00a0\u00bbon|desktop\u00a0\u00bb border_color_bottom__hover=\u00a0\u00bb#0B6FB5&Prime;]Post-traitement[\/et_pb_text][et_pb_image src=\u00a0\u00bbhttps:\/\/swiss-pvd-coating.ch\/wp-content\/uploads\/2022\/01\/Teaser-Pfeil_A.svg\u00a0\u00bb align=\u00a0\u00bbright\u00a0\u00bb _builder_version=\u00a0\u00bb4.17.3&Prime; _module_preset=\u00a0\u00bbdefault\u00a0\u00bb positioning=\u00a0\u00bbabsolute\u00a0\u00bb position_origin_a=\u00a0\u00bbbottom_right\u00a0\u00bb vertical_offset=\u00a0\u00bb2.8vw\u00a0\u00bb horizontal_offset=\u00a0\u00bb2.2vw\u00a0\u00bb z_index=\u00a0\u00bb9&Prime; vertical_offset_tablet=\u00a0\u00bb3.8vw\u00a0\u00bb vertical_offset_phone=\u00a0\u00bb3.8vw\u00a0\u00bb vertical_offset_last_edited=\u00a0\u00bbon|tablet\u00a0\u00bb horizontal_offset_tablet=\u00a0\u00bb3.8vw\u00a0\u00bb horizontal_offset_phone=\u00a0\u00bb3.8vw\u00a0\u00bb horizontal_offset_last_edited=\u00a0\u00bbon|tablet\u00a0\u00bb width=\u00a0\u00bb3.6vw\u00a0\u00bb width_tablet=\u00a0\u00bb8vw\u00a0\u00bb width_phone=\u00a0\u00bb8vw\u00a0\u00bb width_last_edited=\u00a0\u00bbon|tablet\u00a0\u00bb global_colors_info=\u00a0\u00bb{}\u00a0\u00bb][\/et_pb_image][\/et_pb_column][\/et_pb_row][et_pb_row column_structure=\u00a0\u00bb1_2,1_2&Prime; use_custom_gutter=\u00a0\u00bbon\u00a0\u00bb gutter_width=\u00a0\u00bb1&Prime; module_class=\u00a0\u00bbcustom-text\u00a0\u00bb _builder_version=\u00a0\u00bb4.16&Prime; _module_preset=\u00a0\u00bbbfccc00c-ac70-482f-9713-4846d3a5dda8&Prime; custom_padding=\u00a0\u00bb0px|||||\u00a0\u00bb custom_padding_tablet=\u00a0\u00bb0px||15px||false|false\u00a0\u00bb custom_padding_phone=\u00a0\u00bb0px||10px||false|false\u00a0\u00bb global_colors_info=\u00a0\u00bb{}\u00a0\u00bb][et_pb_column type=\u00a0\u00bb1_2&Prime; module_class=\u00a0\u00bbteaser\u00a0\u00bb _builder_version=\u00a0\u00bb4.16&Prime; _module_preset=\u00a0\u00bbdefault\u00a0\u00bb link_option_url=\u00a0\u00bbhttps:\/\/swiss-pvd-coating.ch\/fr\/decapage\/\u00a0\u00bb global_colors_info=\u00a0\u00bb{}\u00a0\u00bb][et_pb_image src=\u00a0\u00bbhttps:\/\/swiss-pvd-coating.ch\/wp-content\/uploads\/2022\/02\/swiss_PVD_Coating_Teaser_Service_Entschichten.jpg\u00a0\u00bb module_class=\u00a0\u00bbet-zoom-in\u00a0\u00bb _builder_version=\u00a0\u00bb4.17.3&Prime; _module_preset=\u00a0\u00bbdefault\u00a0\u00bb global_colors_info=\u00a0\u00bb{}\u00a0\u00bb][\/et_pb_image][et_pb_text admin_label=\u00a0\u00bbTeaser-Text mit Rand B\u00a0\u00bb _builder_version=\u00a0\u00bb4.16&Prime; _module_preset=\u00a0\u00bbdefault\u00a0\u00bb text_font=\u00a0\u00bbBiennale Medium||||||||\u00a0\u00bb text_text_color=\u00a0\u00bb#FFFFFF\u00a0\u00bb text_font_size=\u00a0\u00bb2.4vw\u00a0\u00bb text_letter_spacing=\u00a0\u00bb0px\u00a0\u00bb header_4_text_color=\u00a0\u00bb#FFFFFF\u00a0\u00bb positioning=\u00a0\u00bbabsolute\u00a0\u00bb position_origin_a=\u00a0\u00bbbottom_left\u00a0\u00bb vertical_offset=\u00a0\u00bb0px\u00a0\u00bb horizontal_offset=\u00a0\u00bb3.3vw\u00a0\u00bb horizontal_offset_tablet=\u00a0\u00bb5vw\u00a0\u00bb horizontal_offset_phone=\u00a0\u00bb5vw\u00a0\u00bb horizontal_offset_last_edited=\u00a0\u00bbon|tablet\u00a0\u00bb width_tablet=\u00a0\u00bb\u00a0\u00bb width_phone=\u00a0\u00bbauto\u00a0\u00bb width_last_edited=\u00a0\u00bbon|phone\u00a0\u00bb custom_margin_tablet=\u00a0\u00bb\u00a0\u00bb custom_margin_phone=\u00a0\u00bb\u00a0\u00bb custom_margin_last_edited=\u00a0\u00bbon|tablet\u00a0\u00bb custom_padding=\u00a0\u00bb||1.6vw||false|false\u00a0\u00bb custom_padding_tablet=\u00a0\u00bb||2vw||false|false\u00a0\u00bb custom_padding_phone=\u00a0\u00bb||2vw||false|false\u00a0\u00bb custom_padding_last_edited=\u00a0\u00bbon|desktop\u00a0\u00bb text_font_size_tablet=\u00a0\u00bb5vw\u00a0\u00bb text_font_size_phone=\u00a0\u00bb5vw\u00a0\u00bb text_font_size_last_edited=\u00a0\u00bbon|tablet\u00a0\u00bb border_color_all=\u00a0\u00bb#FFFFFF\u00a0\u00bb border_width_bottom=\u00a0\u00bb1.6vw\u00a0\u00bb border_width_bottom_tablet=\u00a0\u00bb2.8vw\u00a0\u00bb border_width_bottom_phone=\u00a0\u00bb2.8vw\u00a0\u00bb border_width_bottom_last_edited=\u00a0\u00bbon|tablet\u00a0\u00bb global_colors_info=\u00a0\u00bb{}\u00a0\u00bb border_color_bottom__hover_enabled=\u00a0\u00bbon|desktop\u00a0\u00bb border_color_bottom__hover=\u00a0\u00bb#0B6FB5&Prime;]D\u00e9colletage[\/et_pb_text][et_pb_image src=\u00a0\u00bbhttps:\/\/swiss-pvd-coating.ch\/wp-content\/uploads\/2022\/01\/Teaser-Pfeil_A.svg\u00a0\u00bb align=\u00a0\u00bbright\u00a0\u00bb _builder_version=\u00a0\u00bb4.17.3&Prime; _module_preset=\u00a0\u00bbdefault\u00a0\u00bb positioning=\u00a0\u00bbabsolute\u00a0\u00bb position_origin_a=\u00a0\u00bbbottom_right\u00a0\u00bb vertical_offset=\u00a0\u00bb2.8vw\u00a0\u00bb horizontal_offset=\u00a0\u00bb2.2vw\u00a0\u00bb z_index=\u00a0\u00bb9&Prime; vertical_offset_tablet=\u00a0\u00bb3.8vw\u00a0\u00bb vertical_offset_phone=\u00a0\u00bb3.8vw\u00a0\u00bb vertical_offset_last_edited=\u00a0\u00bbon|tablet\u00a0\u00bb horizontal_offset_tablet=\u00a0\u00bb3.8vw\u00a0\u00bb horizontal_offset_phone=\u00a0\u00bb3.8vw\u00a0\u00bb horizontal_offset_last_edited=\u00a0\u00bbon|tablet\u00a0\u00bb width=\u00a0\u00bb3.6vw\u00a0\u00bb width_tablet=\u00a0\u00bb8vw\u00a0\u00bb width_phone=\u00a0\u00bb8vw\u00a0\u00bb width_last_edited=\u00a0\u00bbon|tablet\u00a0\u00bb global_colors_info=\u00a0\u00bb{}\u00a0\u00bb][\/et_pb_image][\/et_pb_column][et_pb_column type=\u00a0\u00bb1_2&Prime; module_class=\u00a0\u00bbteaser\u00a0\u00bb _builder_version=\u00a0\u00bb4.16&Prime; _module_preset=\u00a0\u00bbdefault\u00a0\u00bb link_option_url=\u00a0\u00bbhttps:\/\/swiss-pvd-coating.ch\/fr\/diagnostics\/\u00a0\u00bb global_colors_info=\u00a0\u00bb{}\u00a0\u00bb][et_pb_image src=\u00a0\u00bbhttps:\/\/swiss-pvd-coating.ch\/wp-content\/uploads\/2022\/02\/swiss_PVD_Coating_Teaser_Service_Analyse.jpg\u00a0\u00bb module_class=\u00a0\u00bbet-zoom-in\u00a0\u00bb _builder_version=\u00a0\u00bb4.17.3&Prime; _module_preset=\u00a0\u00bbdefault\u00a0\u00bb global_colors_info=\u00a0\u00bb{}\u00a0\u00bb][\/et_pb_image][et_pb_text admin_label=\u00a0\u00bbTeaser-Text mit Rand B\u00a0\u00bb _builder_version=\u00a0\u00bb4.16&Prime; _module_preset=\u00a0\u00bbdefault\u00a0\u00bb text_font=\u00a0\u00bbBiennale Medium||||||||\u00a0\u00bb text_text_color=\u00a0\u00bb#FFFFFF\u00a0\u00bb text_font_size=\u00a0\u00bb2.4vw\u00a0\u00bb text_letter_spacing=\u00a0\u00bb0px\u00a0\u00bb header_4_text_color=\u00a0\u00bb#FFFFFF\u00a0\u00bb positioning=\u00a0\u00bbabsolute\u00a0\u00bb position_origin_a=\u00a0\u00bbbottom_left\u00a0\u00bb vertical_offset=\u00a0\u00bb0px\u00a0\u00bb horizontal_offset=\u00a0\u00bb3.3vw\u00a0\u00bb horizontal_offset_tablet=\u00a0\u00bb5vw\u00a0\u00bb horizontal_offset_phone=\u00a0\u00bb5vw\u00a0\u00bb horizontal_offset_last_edited=\u00a0\u00bbon|tablet\u00a0\u00bb width_tablet=\u00a0\u00bbauto\u00a0\u00bb width_phone=\u00a0\u00bbauto\u00a0\u00bb width_last_edited=\u00a0\u00bbon|desktop\u00a0\u00bb custom_padding=\u00a0\u00bb||1.6vw||false|false\u00a0\u00bb custom_padding_tablet=\u00a0\u00bb||2vw||false|false\u00a0\u00bb custom_padding_phone=\u00a0\u00bb||2vw||false|false\u00a0\u00bb custom_padding_last_edited=\u00a0\u00bbon|tablet\u00a0\u00bb text_font_size_tablet=\u00a0\u00bb5vw\u00a0\u00bb text_font_size_phone=\u00a0\u00bb5vw\u00a0\u00bb text_font_size_last_edited=\u00a0\u00bbon|tablet\u00a0\u00bb border_color_all=\u00a0\u00bb#FFFFFF\u00a0\u00bb border_width_bottom=\u00a0\u00bb1.6vw\u00a0\u00bb border_width_bottom_tablet=\u00a0\u00bb2.8vw\u00a0\u00bb border_width_bottom_phone=\u00a0\u00bb2.8vw\u00a0\u00bb border_width_bottom_last_edited=\u00a0\u00bbon|tablet\u00a0\u00bb global_colors_info=\u00a0\u00bb{}\u00a0\u00bb border_color_bottom__hover_enabled=\u00a0\u00bbon|desktop\u00a0\u00bb border_color_bottom__hover=\u00a0\u00bb#0B6FB5&Prime;]<\/p>\n<p>Analyse<\/p>\n<p>[\/et_pb_text][et_pb_image src=\u00a0\u00bbhttps:\/\/swiss-pvd-coating.ch\/wp-content\/uploads\/2022\/01\/Teaser-Pfeil_A.svg\u00a0\u00bb align=\u00a0\u00bbright\u00a0\u00bb _builder_version=\u00a0\u00bb4.17.3&Prime; _module_preset=\u00a0\u00bbdefault\u00a0\u00bb positioning=\u00a0\u00bbabsolute\u00a0\u00bb position_origin_a=\u00a0\u00bbbottom_right\u00a0\u00bb vertical_offset=\u00a0\u00bb2.8vw\u00a0\u00bb horizontal_offset=\u00a0\u00bb2.2vw\u00a0\u00bb z_index=\u00a0\u00bb9&Prime; vertical_offset_tablet=\u00a0\u00bb3.8vw\u00a0\u00bb vertical_offset_phone=\u00a0\u00bb3.8vw\u00a0\u00bb vertical_offset_last_edited=\u00a0\u00bbon|tablet\u00a0\u00bb horizontal_offset_tablet=\u00a0\u00bb3.8vw\u00a0\u00bb horizontal_offset_phone=\u00a0\u00bb3.8vw\u00a0\u00bb horizontal_offset_last_edited=\u00a0\u00bbon|tablet\u00a0\u00bb width=\u00a0\u00bb3.6vw\u00a0\u00bb width_tablet=\u00a0\u00bb8vw\u00a0\u00bb width_phone=\u00a0\u00bb8vw\u00a0\u00bb width_last_edited=\u00a0\u00bbon|tablet\u00a0\u00bb global_colors_info=\u00a0\u00bb{}\u00a0\u00bb][\/et_pb_image][\/et_pb_column][\/et_pb_row][\/et_pb_section][et_pb_section fb_built=\u00a0\u00bb1&Prime; _builder_version=\u00a0\u00bb4.16&Prime; _module_preset=\u00a0\u00bbfdba456b-3aab-4823-ac95-30ff89c7be22&Prime; global_colors_info=\u00a0\u00bb{}\u00a0\u00bb][\/et_pb_section]<\/p>\n","protected":false},"excerpt":{"rendered":"<p>Nos servicesUne solution compl\u00e8teNous offrons une vari\u00e9t\u00e9 de service suppl\u00e9mentaire \u00e0 notre PVDPr\u00e9-traitementPost-traitementD\u00e9colletageAnalyse<\/p>\n","protected":false},"author":1,"featured_media":0,"parent":0,"menu_order":0,"comment_status":"closed","ping_status":"closed","template":"","meta":{"_et_pb_use_builder":"on","_et_pb_old_content":"","_et_gb_content_width":"","footnotes":""},"_links":{"self":[{"href":"https:\/\/swiss-pvd-coating.ch\/fr\/wp-json\/wp\/v2\/pages\/2461"}],"collection":[{"href":"https:\/\/swiss-pvd-coating.ch\/fr\/wp-json\/wp\/v2\/pages"}],"about":[{"href":"https:\/\/swiss-pvd-coating.ch\/fr\/wp-json\/wp\/v2\/types\/page"}],"author":[{"embeddable":true,"href":"https:\/\/swiss-pvd-coating.ch\/fr\/wp-json\/wp\/v2\/users\/1"}],"replies":[{"embeddable":true,"href":"https:\/\/swiss-pvd-coating.ch\/fr\/wp-json\/wp\/v2\/comments?post=2461"}],"version-history":[{"count":8,"href":"https:\/\/swiss-pvd-coating.ch\/fr\/wp-json\/wp\/v2\/pages\/2461\/revisions"}],"predecessor-version":[{"id":3029,"href":"https:\/\/swiss-pvd-coating.ch\/fr\/wp-json\/wp\/v2\/pages\/2461\/revisions\/3029"}],"wp:attachment":[{"href":"https:\/\/swiss-pvd-coating.ch\/fr\/wp-json\/wp\/v2\/media?parent=2461"}],"curies":[{"name":"wp","href":"https:\/\/api.w.org\/{rel}","templated":true}]}}