{"id":2494,"date":"2022-04-18T08:37:14","date_gmt":"2022-04-18T08:37:14","guid":{"rendered":"https:\/\/swiss-pvd-coating.ch\/technologie\/"},"modified":"2022-05-18T13:38:53","modified_gmt":"2022-05-18T13:38:53","slug":"technologie","status":"publish","type":"page","link":"https:\/\/swiss-pvd-coating.ch\/fr\/technologie\/","title":{"rendered":"Technologie"},"content":{"rendered":"<p>[et_pb_section fb_built=\u00a0\u00bb1&Prime; _builder_version=\u00a0\u00bb4.16&Prime; _module_preset=\u00a0\u00bbfdba456b-3aab-4823-ac95-30ff89c7be22&Prime; custom_padding=\u00a0\u00bb||||false|false\u00a0\u00bb global_colors_info=\u00a0\u00bb{}\u00a0\u00bb][et_pb_row _builder_version=\u00a0\u00bb4.16&Prime; _module_preset=\u00a0\u00bbbfccc00c-ac70-482f-9713-4846d3a5dda8&Prime; global_colors_info=\u00a0\u00bb{}\u00a0\u00bb][et_pb_column type=\u00a0\u00bb4_4&Prime; _builder_version=\u00a0\u00bb4.16&Prime; _module_preset=\u00a0\u00bbdefault\u00a0\u00bb global_colors_info=\u00a0\u00bb{}\u00a0\u00bb][et_pb_text _builder_version=\u00a0\u00bb4.16&Prime; _module_preset=\u00a0\u00bb9171a5ab-4b16-49db-a0f8-6428bbd4c5d3&Prime; custom_margin=\u00a0\u00bb||-5px||false|false\u00a0\u00bb custom_margin_tablet=\u00a0\u00bb||-8px||false|false\u00a0\u00bb custom_margin_phone=\u00a0\u00bb||-8px||false|false\u00a0\u00bb custom_margin_last_edited=\u00a0\u00bbon|desktop\u00a0\u00bb inline_fonts=\u00a0\u00bbBiennale Regular,Biennale Light\u00a0\u00bb global_colors_info=\u00a0\u00bb{}\u00a0\u00bb]<\/p>\n<h2>Technologie<\/h2>\n<p>[\/et_pb_text][\/et_pb_column][\/et_pb_row][et_pb_row custom_padding_last_edited=\u00a0\u00bbon|desktop\u00a0\u00bb _builder_version=\u00a0\u00bb4.16&Prime; _module_preset=\u00a0\u00bbbfccc00c-ac70-482f-9713-4846d3a5dda8&Prime; custom_margin=\u00a0\u00bb||||false|false\u00a0\u00bb custom_padding=\u00a0\u00bb|9vw|||false|false\u00a0\u00bb custom_padding_tablet=\u00a0\u00bb15px|0px|15px||false|false\u00a0\u00bb custom_padding_phone=\u00a0\u00bb10px|0px|10px||false|false\u00a0\u00bb global_colors_info=\u00a0\u00bb{}\u00a0\u00bb][et_pb_column type=\u00a0\u00bb4_4&Prime; _builder_version=\u00a0\u00bb4.16&Prime; _module_preset=\u00a0\u00bbdefault\u00a0\u00bb global_colors_info=\u00a0\u00bb{}\u00a0\u00bb][et_pb_text _builder_version=\u00a0\u00bb4.16&Prime; _module_preset=\u00a0\u00bbfb63da07-1cd9-4da5-9698-5a35610b84a7&Prime; global_colors_info=\u00a0\u00bb{}\u00a0\u00bb]Notre derni\u00e8re g\u00e9n\u00e9ration de syst\u00e8me de recouvrement PVD fournit une solution flexible et rentable \u00e0 nos clients. La technologie avec cible rectangulaire utilis\u00e9e par l\u2019EXON-700 et l\u2019EXON-1500 permettent une utilisation maximale de la mati\u00e8re premi\u00e8re et une r\u00e9duction des temps d\u2019arr\u00eat.[\/et_pb_text][\/et_pb_column][\/et_pb_row][et_pb_row _builder_version=\u00a0\u00bb4.16&Prime; _module_preset=\u00a0\u00bbbfccc00c-ac70-482f-9713-4846d3a5dda8&Prime; custom_padding=\u00a0\u00bb||0px||false|false\u00a0\u00bb custom_padding_tablet=\u00a0\u00bb15px||10px||false|false\u00a0\u00bb global_colors_info=\u00a0\u00bb{}\u00a0\u00bb][et_pb_column type=\u00a0\u00bb4_4&Prime; _builder_version=\u00a0\u00bb4.16&Prime; _module_preset=\u00a0\u00bbdefault\u00a0\u00bb global_colors_info=\u00a0\u00bb{}\u00a0\u00bb][et_pb_text _builder_version=\u00a0\u00bb4.16&Prime; _module_preset=\u00a0\u00bbdefault\u00a0\u00bb header_2_font=\u00a0\u00bbBiennale Semibold||||||||\u00a0\u00bb header_2_letter_spacing=\u00a0\u00bb5px\u00a0\u00bb custom_margin=\u00a0\u00bb||20px||false|false\u00a0\u00bb custom_margin_tablet=\u00a0\u00bb||0px||false|false\u00a0\u00bb custom_margin_phone=\u00a0\u00bb||0px||false|false\u00a0\u00bb custom_margin_last_edited=\u00a0\u00bbon|desktop\u00a0\u00bb custom_padding_tablet=\u00a0\u00bb\u00a0\u00bb custom_padding_phone=\u00a0\u00bb\u00a0\u00bb custom_padding_last_edited=\u00a0\u00bbon|desktop\u00a0\u00bb header_2_letter_spacing_tablet=\u00a0\u00bb3px\u00a0\u00bb header_2_letter_spacing_phone=\u00a0\u00bb2px\u00a0\u00bb header_2_letter_spacing_last_edited=\u00a0\u00bbon|desktop\u00a0\u00bb global_colors_info=\u00a0\u00bb{}\u00a0\u00bb]<\/p>\n<h2>EXON &#8211; 700<\/h2>\n<p>[\/et_pb_text][et_pb_image src=\u00a0\u00bbhttps:\/\/swiss-pvd-coating.ch\/wp-content\/uploads\/2022\/02\/swiss_PVD_Coating_EXON_700.jpg\u00a0\u00bb _builder_version=\u00a0\u00bb4.16&Prime; _module_preset=\u00a0\u00bbdefault\u00a0\u00bb global_colors_info=\u00a0\u00bb{}\u00a0\u00bb][\/et_pb_image][\/et_pb_column][\/et_pb_row][et_pb_row column_structure=\u00a0\u00bb1_2,1_2&Prime; _builder_version=\u00a0\u00bb4.16&Prime; _module_preset=\u00a0\u00bbbfccc00c-ac70-482f-9713-4846d3a5dda8&Prime; global_colors_info=\u00a0\u00bb{}\u00a0\u00bb][et_pb_column type=\u00a0\u00bb1_2&Prime; _builder_version=\u00a0\u00bb4.16&Prime; _module_preset=\u00a0\u00bbdefault\u00a0\u00bb global_colors_info=\u00a0\u00bb{}\u00a0\u00bb][et_pb_text _builder_version=\u00a0\u00bb4.16&Prime; _module_preset=\u00a0\u00bbdefault\u00a0\u00bb custom_margin=\u00a0\u00bb||10px||false|false\u00a0\u00bb custom_margin_tablet=\u00a0\u00bb||8px||false|false\u00a0\u00bb custom_margin_phone=\u00a0\u00bb||6px||false|false\u00a0\u00bb custom_margin_last_edited=\u00a0\u00bbon|phone\u00a0\u00bb custom_padding_tablet=\u00a0\u00bb\u00a0\u00bb custom_padding_phone=\u00a0\u00bb\u00a0\u00bb custom_padding_last_edited=\u00a0\u00bbon|desktop\u00a0\u00bb global_colors_info=\u00a0\u00bb{}\u00a0\u00bb]<\/p>\n<h3>EXON &#8211; 700<\/h3>\n<p>[\/et_pb_text][et_pb_text _builder_version=\u00a0\u00bb4.16&Prime; _module_preset=\u00a0\u00bbdefault\u00a0\u00bb global_colors_info=\u00a0\u00bb{}\u00a0\u00bb]L&rsquo;EXON-700 est un syst\u00e8me de rev\u00eatement arc sp\u00e9cifiquement con\u00e7u pour la d\u00e9position de couches m\u00e9tallurgiques \u00e0 haute performance \u00e0 des temp\u00e9ratures variant de 150\u00b0C \u00e0 500\u00b0C. Avec son volume inf\u00e9rieur \u00e0 celui de l\u2019EXON-1500 et sa capacit\u00e9 de rev\u00eatement avec un courant plus \u00e9lev\u00e9, l\u2019EXON-700 est un syst\u00e8me de r\u00eavement efficient. Le courant \u00e9lev\u00e9 utilis\u00e9 par l\u2019EXON-700 permet de r\u00e9duire la dur\u00e9e des cycles.[\/et_pb_text][\/et_pb_column][et_pb_column type=\u00a0\u00bb1_2&Prime; _builder_version=\u00a0\u00bb4.16&Prime; _module_preset=\u00a0\u00bbdefault\u00a0\u00bb global_colors_info=\u00a0\u00bb{}\u00a0\u00bb][et_pb_text _builder_version=\u00a0\u00bb4.16&Prime; _module_preset=\u00a0\u00bbdefault\u00a0\u00bb custom_margin_tablet=\u00a0\u00bb\u00a0\u00bb custom_margin_phone=\u00a0\u00bb\u00a0\u00bb custom_margin_last_edited=\u00a0\u00bbon|desktop\u00a0\u00bb custom_padding=\u00a0\u00bb18px||18px||true|false\u00a0\u00bb custom_padding_tablet=\u00a0\u00bb18px||18px||true|false\u00a0\u00bb custom_padding_phone=\u00a0\u00bb18px||18px||true|false\u00a0\u00bb custom_padding_last_edited=\u00a0\u00bbon|desktop\u00a0\u00bb border_width_top=\u00a0\u00bb2px\u00a0\u00bb border_color_top=\u00a0\u00bbrgba(18,48,73,0.39)\u00a0\u00bb border_width_bottom=\u00a0\u00bb2px\u00a0\u00bb border_color_bottom=\u00a0\u00bbrgba(18,48,73,0.39)\u00a0\u00bb global_colors_info=\u00a0\u00bb{}\u00a0\u00bb]<\/p>\n<table>\n<tbody>\n<tr>\n<td>Volume :<\/td>\n<td>700L<\/td>\n<\/tr>\n<tr>\n<td>Volume de recouvrement :<\/td>\n<td>\u00f8520&#215;720 mm<\/td>\n<\/tr>\n<tr>\n<td>Technologie :<\/td>\n<td>HDP ARC<\/td>\n<\/tr>\n<tr>\n<td>Densit\u00e9 du plasma :<\/td>\n<td>jusqu\u2019\u00e0 800A (1200A en R&#038;D)<\/td>\n<\/tr>\n<\/tbody>\n<\/table>\n<p>Chacune des 3 cathodes peut fournir jusqu&rsquo;\u00e0 800 A[\/et_pb_text][\/et_pb_column][\/et_pb_row][et_pb_row _builder_version=\u00a0\u00bb4.16&Prime; _module_preset=\u00a0\u00bbbfccc00c-ac70-482f-9713-4846d3a5dda8&Prime; custom_padding=\u00a0\u00bb||0px||false|false\u00a0\u00bb custom_padding_tablet=\u00a0\u00bb15px||10px||false|false\u00a0\u00bb global_colors_info=\u00a0\u00bb{}\u00a0\u00bb][et_pb_column type=\u00a0\u00bb4_4&Prime; _builder_version=\u00a0\u00bb4.16&Prime; _module_preset=\u00a0\u00bbdefault\u00a0\u00bb global_colors_info=\u00a0\u00bb{}\u00a0\u00bb][et_pb_text _builder_version=\u00a0\u00bb4.16&Prime; _module_preset=\u00a0\u00bbdefault\u00a0\u00bb header_2_font=\u00a0\u00bbBiennale Semibold||||||||\u00a0\u00bb header_2_letter_spacing=\u00a0\u00bb5px\u00a0\u00bb custom_margin=\u00a0\u00bb||20px||false|false\u00a0\u00bb custom_margin_tablet=\u00a0\u00bb||0px||false|false\u00a0\u00bb custom_margin_phone=\u00a0\u00bb||0px||false|false\u00a0\u00bb custom_margin_last_edited=\u00a0\u00bbon|desktop\u00a0\u00bb custom_padding_tablet=\u00a0\u00bb\u00a0\u00bb custom_padding_phone=\u00a0\u00bb\u00a0\u00bb custom_padding_last_edited=\u00a0\u00bbon|desktop\u00a0\u00bb header_2_letter_spacing_tablet=\u00a0\u00bb3px\u00a0\u00bb header_2_letter_spacing_phone=\u00a0\u00bb2px\u00a0\u00bb header_2_letter_spacing_last_edited=\u00a0\u00bbon|desktop\u00a0\u00bb global_colors_info=\u00a0\u00bb{}\u00a0\u00bb]<\/p>\n<h2>EXON &#8211; 1500<\/h2>\n<p>[\/et_pb_text][et_pb_image src=\u00a0\u00bbhttps:\/\/swiss-pvd-coating.ch\/wp-content\/uploads\/2022\/02\/swiss_PVD_Coating_EXON_1500.jpg\u00a0\u00bb _builder_version=\u00a0\u00bb4.16&Prime; _module_preset=\u00a0\u00bbdefault\u00a0\u00bb global_colors_info=\u00a0\u00bb{}\u00a0\u00bb][\/et_pb_image][\/et_pb_column][\/et_pb_row][et_pb_row column_structure=\u00a0\u00bb1_2,1_2&Prime; _builder_version=\u00a0\u00bb4.16&Prime; _module_preset=\u00a0\u00bbbfccc00c-ac70-482f-9713-4846d3a5dda8&Prime; global_colors_info=\u00a0\u00bb{}\u00a0\u00bb][et_pb_column type=\u00a0\u00bb1_2&Prime; _builder_version=\u00a0\u00bb4.16&Prime; _module_preset=\u00a0\u00bbdefault\u00a0\u00bb global_colors_info=\u00a0\u00bb{}\u00a0\u00bb][et_pb_text _builder_version=\u00a0\u00bb4.16&Prime; _module_preset=\u00a0\u00bbdefault\u00a0\u00bb custom_margin=\u00a0\u00bb||10px||false|false\u00a0\u00bb custom_margin_tablet=\u00a0\u00bb||8px||false|false\u00a0\u00bb custom_margin_phone=\u00a0\u00bb||6px||false|false\u00a0\u00bb custom_margin_last_edited=\u00a0\u00bbon|phone\u00a0\u00bb custom_padding_tablet=\u00a0\u00bb\u00a0\u00bb custom_padding_phone=\u00a0\u00bb\u00a0\u00bb custom_padding_last_edited=\u00a0\u00bbon|desktop\u00a0\u00bb global_colors_info=\u00a0\u00bb{}\u00a0\u00bb]<\/p>\n<h3>EXON &#8211; 1500<\/h3>\n<p>[\/et_pb_text][et_pb_text _builder_version=\u00a0\u00bb4.16&Prime; _module_preset=\u00a0\u00bbdefault\u00a0\u00bb global_colors_info=\u00a0\u00bb{}\u00a0\u00bb]The EXON-1500 is an arc coating system specifically designed for the deposition of high-performance metallurgical coatings with a temperature range from 150\u00b0C up to 500\u00b0C.[\/et_pb_text][\/et_pb_column][et_pb_column type=\u00a0\u00bb1_2&Prime; _builder_version=\u00a0\u00bb4.16&Prime; _module_preset=\u00a0\u00bbdefault\u00a0\u00bb global_colors_info=\u00a0\u00bb{}\u00a0\u00bb][et_pb_text module_class=\u00a0\u00bbtabulator\u00a0\u00bb _builder_version=\u00a0\u00bb4.16&Prime; _module_preset=\u00a0\u00bbdefault\u00a0\u00bb custom_margin_tablet=\u00a0\u00bb\u00a0\u00bb custom_margin_phone=\u00a0\u00bb\u00a0\u00bb custom_margin_last_edited=\u00a0\u00bbon|desktop\u00a0\u00bb custom_padding=\u00a0\u00bb18px||18px||true|false\u00a0\u00bb custom_padding_tablet=\u00a0\u00bb18px||18px||true|false\u00a0\u00bb custom_padding_phone=\u00a0\u00bb18px||18px||true|false\u00a0\u00bb custom_padding_last_edited=\u00a0\u00bbon|desktop\u00a0\u00bb border_width_top=\u00a0\u00bb2px\u00a0\u00bb border_color_top=\u00a0\u00bbrgba(18,48,73,0.39)\u00a0\u00bb border_width_bottom=\u00a0\u00bb2px\u00a0\u00bb border_color_bottom=\u00a0\u00bbrgba(18,48,73,0.39)\u00a0\u00bb global_colors_info=\u00a0\u00bb{}\u00a0\u00bb]<\/p>\n<table>\n<tbody>\n<tr>\n<td>Volume :<\/td>\n<td>1500L<\/td>\n<\/tr>\n<tr>\n<td>Volume de recouvrement :<\/td>\n<td>\u00f8900&#215;720 mm<\/td>\n<\/tr>\n<tr>\n<td>Technologie :<\/td>\n<td>HDP ARC<\/td>\n<\/tr>\n<tr>\n<td>Densit\u00e9 du plasma :<\/td>\n<td>jusqu\u2019\u00e0 400A<\/td>\n<\/tr>\n<\/tbody>\n<\/table>\n<p>Chacune des 6 cathodes peut fournir jusqu&rsquo;\u00e0 400A[\/et_pb_text][\/et_pb_column][\/et_pb_row][\/et_pb_section][et_pb_section fb_built=\u00a0\u00bb1&Prime; _builder_version=\u00a0\u00bb4.16&Prime; _module_preset=\u00a0\u00bbfdba456b-3aab-4823-ac95-30ff89c7be22&Prime; global_colors_info=\u00a0\u00bb{}\u00a0\u00bb][\/et_pb_section]<\/p>\n","protected":false},"excerpt":{"rendered":"<p>TechnologieNotre derni\u00e8re g\u00e9n\u00e9ration de syst\u00e8me de recouvrement PVD fournit une solution flexible et rentable \u00e0 nos clients. La technologie avec cible rectangulaire utilis\u00e9e par l\u2019EXON-700 et l\u2019EXON-1500 permettent une utilisation maximale de la mati\u00e8re premi\u00e8re et une r\u00e9duction des temps d\u2019arr\u00eat.EXON &#8211; 700EXON &#8211; 700L&rsquo;EXON-700 est un syst\u00e8me de rev\u00eatement arc sp\u00e9cifiquement con\u00e7u pour la [&hellip;]<\/p>\n","protected":false},"author":1,"featured_media":0,"parent":0,"menu_order":0,"comment_status":"closed","ping_status":"closed","template":"","meta":{"_et_pb_use_builder":"on","_et_pb_old_content":"","_et_gb_content_width":"","footnotes":""},"aioseo_notices":[],"_links":{"self":[{"href":"https:\/\/swiss-pvd-coating.ch\/fr\/wp-json\/wp\/v2\/pages\/2494"}],"collection":[{"href":"https:\/\/swiss-pvd-coating.ch\/fr\/wp-json\/wp\/v2\/pages"}],"about":[{"href":"https:\/\/swiss-pvd-coating.ch\/fr\/wp-json\/wp\/v2\/types\/page"}],"author":[{"embeddable":true,"href":"https:\/\/swiss-pvd-coating.ch\/fr\/wp-json\/wp\/v2\/users\/1"}],"replies":[{"embeddable":true,"href":"https:\/\/swiss-pvd-coating.ch\/fr\/wp-json\/wp\/v2\/comments?post=2494"}],"version-history":[{"count":6,"href":"https:\/\/swiss-pvd-coating.ch\/fr\/wp-json\/wp\/v2\/pages\/2494\/revisions"}],"predecessor-version":[{"id":2669,"href":"https:\/\/swiss-pvd-coating.ch\/fr\/wp-json\/wp\/v2\/pages\/2494\/revisions\/2669"}],"wp:attachment":[{"href":"https:\/\/swiss-pvd-coating.ch\/fr\/wp-json\/wp\/v2\/media?parent=2494"}],"curies":[{"name":"wp","href":"https:\/\/api.w.org\/{rel}","templated":true}]}}