{"id":2870,"date":"2022-05-16T04:42:34","date_gmt":"2022-05-16T04:42:34","guid":{"rendered":"https:\/\/swiss-pvd-coating.ch\/composants\/"},"modified":"2026-01-23T12:15:13","modified_gmt":"2026-01-23T11:15:13","slug":"composants","status":"publish","type":"page","link":"https:\/\/swiss-pvd-coating.ch\/fr\/composants\/","title":{"rendered":"Composants"},"content":{"rendered":"<p>[et_pb_section fb_built=\u00a0\u00bb1&Prime; _builder_version=\u00a0\u00bb4.16&Prime; _module_preset=\u00a0\u00bbfdba456b-3aab-4823-ac95-30ff89c7be22&Prime; custom_padding=\u00a0\u00bb||||false|false\u00a0\u00bb global_colors_info=\u00a0\u00bb{}\u00a0\u00bb][et_pb_row _builder_version=\u00a0\u00bb4.16&Prime; _module_preset=\u00a0\u00bbbfccc00c-ac70-482f-9713-4846d3a5dda8&Prime; global_colors_info=\u00a0\u00bb{}\u00a0\u00bb][et_pb_column type=\u00a0\u00bb4_4&Prime; _builder_version=\u00a0\u00bb4.16&Prime; _module_preset=\u00a0\u00bbdefault\u00a0\u00bb global_colors_info=\u00a0\u00bb{}\u00a0\u00bb][et_pb_text admin_label=\u00a0\u00bbText\u00a0\u00bb _builder_version=\u00a0\u00bb4.22.2&Prime; _module_preset=\u00a0\u00bb9171a5ab-4b16-49db-a0f8-6428bbd4c5d3&Prime; custom_margin=\u00a0\u00bb||-5px||false|false\u00a0\u00bb custom_margin_tablet=\u00a0\u00bb||-8px||false|false\u00a0\u00bb custom_margin_phone=\u00a0\u00bb||-8px||false|false\u00a0\u00bb custom_margin_last_edited=\u00a0\u00bbon|desktop\u00a0\u00bb inline_fonts=\u00a0\u00bbBiennale Regular,Biennale Light\u00a0\u00bb global_colors_info=\u00a0\u00bb{}\u00a0\u00bb]<\/p>\n<h2>Composants<\/h2>\n<p>[\/et_pb_text][et_pb_text _builder_version=\u00a0\u00bb4.22.2&Prime; _module_preset=\u00a0\u00bbdefault\u00a0\u00bb custom_padding=\u00a0\u00bb2vw||||false|false\u00a0\u00bb hover_enabled=\u00a0\u00bb0&Prime; global_colors_info=\u00a0\u00bb{}\u00a0\u00bb sticky_enabled=\u00a0\u00bb0&Prime;]<\/p>\n<p>Coating Guide: Trouvez le rev\u00eatement adapt\u00e9 \u00e0 votre application<\/p>\n<p>F\u00fcr weitere technische Details, klicken Sie auf die Beschichtung.<\/p>\n<p>[\/et_pb_text][\/et_pb_column][\/et_pb_row][et_pb_row custom_padding_last_edited=\u00a0\u00bbon|desktop\u00a0\u00bb _builder_version=\u00a0\u00bb4.16&Prime; _module_preset=\u00a0\u00bbbfccc00c-ac70-482f-9713-4846d3a5dda8&Prime; custom_margin=\u00a0\u00bb||||false|false\u00a0\u00bb custom_margin_tablet=\u00a0\u00bb||||false|false\u00a0\u00bb custom_margin_phone=\u00a0\u00bb||||false|false\u00a0\u00bb custom_margin_last_edited=\u00a0\u00bbon|phone\u00a0\u00bb custom_padding=\u00a0\u00bb|5vw|||false|false\u00a0\u00bb custom_padding_tablet=\u00a0\u00bb|0vw|||false|false\u00a0\u00bb custom_padding_phone=\u00a0\u00bb|0vw|||false|false\u00a0\u00bb global_colors_info=\u00a0\u00bb{}\u00a0\u00bb][et_pb_column type=\u00a0\u00bb4_4&Prime; _builder_version=\u00a0\u00bb4.16&Prime; _module_preset=\u00a0\u00bbdefault\u00a0\u00bb global_colors_info=\u00a0\u00bb{}\u00a0\u00bb][dpdfg_filtergrid custom_query=\u00a0\u00bbadvanced\u00a0\u00bb multiple_cpt=\u00a0\u00bbkomponente\u00a0\u00bb thumbnail_size=\u00a0\u00bbdfg_full\u00a0\u00bb show_post_meta=\u00a0\u00bboff\u00a0\u00bb show_content=\u00a0\u00bbon\u00a0\u00bb truncate_content=\u00a0\u00bb350&Prime; strip_html=\u00a0\u00bboff\u00a0\u00bb show_custom_content=\u00a0\u00bbon\u00a0\u00bb filter_layout=\u00a0\u00bbselect\u00a0\u00bb multilevel=\u00a0\u00bbon\u00a0\u00bb multilevel_hierarchy=\u00a0\u00bbon\u00a0\u00bb multilevel_hierarchy_tax=\u00a0\u00bb%91{%22name%22:%22komponenten-kategorie%22,%22label%22:%22Coating Guide%22,%22all%22:%22ALL%22}%93&Prime; items_layout=\u00a0\u00bbdp-dfg-layout-list\u00a0\u00bb grid_font_size=\u00a0\u00bb13px\u00a0\u00bb hover_overlay_color=\u00a0\u00bbrgba(11,111,181,0.25)\u00a0\u00bb bg_items=\u00a0\u00bb#eef3f6&Prime; bg_filters=\u00a0\u00bb#11345c\u00a0\u00bb bg_filter_active=\u00a0\u00bb#0b6fb5&Prime; filters_width_tablet=\u00a0\u00bb\u00a0\u00bb filters_width_phone=\u00a0\u00bb\u00a0\u00bb filters_width_last_edited=\u00a0\u00bbon|tablet\u00a0\u00bb module_class=\u00a0\u00bbgridlist\u00a0\u00bb _builder_version=\u00a0\u00bb4.22.2&Prime; _module_preset=\u00a0\u00bbdefault\u00a0\u00bb dpdfg_entry_title_font=\u00a0\u00bbBiennale Medium||||||||\u00a0\u00bb dpdfg_entry_title_text_color=\u00a0\u00bb#11345c\u00a0\u00bb dpdfg_entry_title_font_size=\u00a0\u00bb38px\u00a0\u00bb dpdfg_entry_summary_font=\u00a0\u00bbBiennale Regular||||||||\u00a0\u00bb dpdfg_entry_summary_text_color=\u00a0\u00bb#11345c\u00a0\u00bb dpdfg_entry_summary_font_size=\u00a0\u00bb20px\u00a0\u00bb dpdfg_entry_summary_line_height=\u00a0\u00bb1.4em\u00a0\u00bb dpdfg_filters_font=\u00a0\u00bbBiennale Medium||||||||\u00a0\u00bb dpdfg_filters_text_color=\u00a0\u00bb#FFFFFF\u00a0\u00bb dpdfg_filters_font_size=\u00a0\u00bb20px\u00a0\u00bb dpdfg_filters_active_font=\u00a0\u00bbBiennale Medium||||||||\u00a0\u00bb dpdfg_filters_active_text_color=\u00a0\u00bb#FFFFFF\u00a0\u00bb dpdfg_dropdown_labels_font=\u00a0\u00bbBiennale Medium||||||||\u00a0\u00bb dpdfg_dropdown_labels_text_color=\u00a0\u00bb#FFFFFF\u00a0\u00bb dpdfg_dropdown_labels_font_size=\u00a0\u00bb20px\u00a0\u00bb background_enable_color=\u00a0\u00bboff\u00a0\u00bb hover_transition_delay=\u00a0\u00bb100ms\u00a0\u00bb hover_transition_speed_curve=\u00a0\u00bbease-in-out\u00a0\u00bb border_width_all=\u00a0\u00bb0px\u00a0\u00bb border_color_all=\u00a0\u00bbRGBA(255,255,255,0)\u00a0\u00bb global_colors_info=\u00a0\u00bb{}\u00a0\u00bb][\/dpdfg_filtergrid][\/et_pb_column][\/et_pb_row][\/et_pb_section][et_pb_section fb_built=\u00a0\u00bb1&Prime; _builder_version=\u00a0\u00bb4.16&Prime; _module_preset=\u00a0\u00bbfdba456b-3aab-4823-ac95-30ff89c7be22&Prime; global_colors_info=\u00a0\u00bb{}\u00a0\u00bb][\/et_pb_section]<\/p>\n","protected":false},"excerpt":{"rendered":"<p>ComposantsCoating Guide: Trouvez le rev\u00eatement adapt\u00e9 \u00e0 votre application F\u00fcr weitere technische Details, klicken Sie auf die Beschichtung.<div class=\"et_pb_module dpdfg_filtergrid dpdfg_filtergrid_0 \u00bbgridlist\">\n\t\t\t\t\n\t\t\t\t\n\t\t\t\t\n\t\t\t\t\n\t\t\t\t\n\t\t\t\t\n\t\t\t\t<div class=\"et_pb_module_inner\">\n\t\t\t\t\t<div class=\"dp-dfg-container dp-dfg-empty\"><div class=\"dp-dfg-items\"><\/div><div class=\"dp-dfg-no-results\">No results found.<\/div><\/div>\n\t\t\t\t<\/div>\n\t\t\t<\/div><\/p>\n","protected":false},"author":1,"featured_media":0,"parent":0,"menu_order":0,"comment_status":"closed","ping_status":"closed","template":"","meta":{"_et_pb_use_builder":"on","_et_pb_old_content":"","_et_gb_content_width":"","footnotes":""},"_links":{"self":[{"href":"https:\/\/swiss-pvd-coating.ch\/fr\/wp-json\/wp\/v2\/pages\/2870"}],"collection":[{"href":"https:\/\/swiss-pvd-coating.ch\/fr\/wp-json\/wp\/v2\/pages"}],"about":[{"href":"https:\/\/swiss-pvd-coating.ch\/fr\/wp-json\/wp\/v2\/types\/page"}],"author":[{"embeddable":true,"href":"https:\/\/swiss-pvd-coating.ch\/fr\/wp-json\/wp\/v2\/users\/1"}],"replies":[{"embeddable":true,"href":"https:\/\/swiss-pvd-coating.ch\/fr\/wp-json\/wp\/v2\/comments?post=2870"}],"version-history":[{"count":19,"href":"https:\/\/swiss-pvd-coating.ch\/fr\/wp-json\/wp\/v2\/pages\/2870\/revisions"}],"predecessor-version":[{"id":5914,"href":"https:\/\/swiss-pvd-coating.ch\/fr\/wp-json\/wp\/v2\/pages\/2870\/revisions\/5914"}],"wp:attachment":[{"href":"https:\/\/swiss-pvd-coating.ch\/fr\/wp-json\/wp\/v2\/media?parent=2870"}],"curies":[{"name":"wp","href":"https:\/\/api.w.org\/{rel}","templated":true}]}}