{"id":3878,"date":"2023-12-09T14:56:29","date_gmt":"2023-12-09T13:56:29","guid":{"rendered":"https:\/\/swiss-pvd-coating.ch\/decoratif\/"},"modified":"2024-12-03T12:07:31","modified_gmt":"2024-12-03T11:07:31","slug":"decoratif","status":"publish","type":"page","link":"https:\/\/swiss-pvd-coating.ch\/fr\/decoratif\/","title":{"rendered":"Decoratif"},"content":{"rendered":"<p>[et_pb_section fb_built=\u00a0\u00bb1&Prime; _builder_version=\u00a0\u00bb4.16&Prime; _module_preset=\u00a0\u00bbfdba456b-3aab-4823-ac95-30ff89c7be22&Prime; global_colors_info=\u00a0\u00bb{}\u00a0\u00bb][et_pb_row _builder_version=\u00a0\u00bb4.16&Prime; _module_preset=\u00a0\u00bbbfccc00c-ac70-482f-9713-4846d3a5dda8&Prime; global_colors_info=\u00a0\u00bb{}\u00a0\u00bb][et_pb_column type=\u00a0\u00bb4_4&Prime; _builder_version=\u00a0\u00bb4.16&Prime; _module_preset=\u00a0\u00bbdefault\u00a0\u00bb global_colors_info=\u00a0\u00bb{}\u00a0\u00bb][et_pb_text _builder_version=\u00a0\u00bb4.22.2&Prime; _module_preset=\u00a0\u00bb9171a5ab-4b16-49db-a0f8-6428bbd4c5d3&Prime; custom_margin=\u00a0\u00bb||-5px||false|false\u00a0\u00bb custom_margin_tablet=\u00a0\u00bb||-8px||false|false\u00a0\u00bb custom_margin_phone=\u00a0\u00bb||-8px||false|false\u00a0\u00bb custom_margin_last_edited=\u00a0\u00bbon|desktop\u00a0\u00bb inline_fonts=\u00a0\u00bbBiennale Regular,Biennale Light\u00a0\u00bb global_colors_info=\u00a0\u00bb{}\u00a0\u00bb]<\/p>\n<h2>Rev\u00eatement PVD d\u00e9coratif<\/h2>\n<p>[\/et_pb_text][\/et_pb_column][\/et_pb_row][et_pb_row column_structure=\u00a0\u00bb1_2,1_2&Prime; use_custom_gutter=\u00a0\u00bbon\u00a0\u00bb gutter_width=\u00a0\u00bb3&Prime; _builder_version=\u00a0\u00bb4.17.3&Prime; _module_preset=\u00a0\u00bbbfccc00c-ac70-482f-9713-4846d3a5dda8&Prime; custom_padding=\u00a0\u00bb30px|||||\u00a0\u00bb global_colors_info=\u00a0\u00bb{}\u00a0\u00bb][et_pb_column type=\u00a0\u00bb1_2&Prime; _builder_version=\u00a0\u00bb4.16&Prime; _module_preset=\u00a0\u00bbdefault\u00a0\u00bb global_colors_info=\u00a0\u00bb{}\u00a0\u00bb][et_pb_text _builder_version=\u00a0\u00bb4.22.2&Prime; _module_preset=\u00a0\u00bb9171a5ab-4b16-49db-a0f8-6428bbd4c5d3&Prime; global_colors_info=\u00a0\u00bb{}\u00a0\u00bb]La technologie HDP PVD Arc est utilis\u00e9e dans diff\u00e9rentes industries \u00e0 des fins d\u00e9coratives, o\u00f9 les aspects optiques et la r\u00e9sistance \u00e0 l&rsquo;usure doivent \u00eatre combin\u00e9s.[\/et_pb_text][\/et_pb_column][et_pb_column type=\u00a0\u00bb1_2&Prime; _builder_version=\u00a0\u00bb4.16&Prime; _module_preset=\u00a0\u00bbdefault\u00a0\u00bb global_colors_info=\u00a0\u00bb{}\u00a0\u00bb][et_pb_text _builder_version=\u00a0\u00bb4.16&Prime; _module_preset=\u00a0\u00bb9171a5ab-4b16-49db-a0f8-6428bbd4c5d3&Prime; global_colors_info=\u00a0\u00bb{}\u00a0\u00bb]<\/p>\n<p>Nous offrons une vari\u00e9t\u00e9 de recouvrements d\u00e9co-fonctionnels avec diff\u00e9rentes couleurs et r\u00e9sistances \u00e0 l\u2019usure. Depuis sa cr\u00e9ation, swiss-PVD Coating AG a d\u00e9velopp\u00e9 et maintenu une forte pr\u00e9sence sur le march\u00e9 du PVD d\u00e9coratif pour l\u2019industrie horlog\u00e8re Suisse.<\/p>\n<p>[\/et_pb_text][\/et_pb_column][\/et_pb_row][et_pb_row column_structure=\u00a0\u00bb1_2,1_2&Prime; _builder_version=\u00a0\u00bb4.16&Prime; _module_preset=\u00a0\u00bbbfccc00c-ac70-482f-9713-4846d3a5dda8&Prime; custom_padding=\u00a0\u00bb||0px|||\u00a0\u00bb custom_padding_tablet=\u00a0\u00bb15px||5px||false|false\u00a0\u00bb custom_padding_phone=\u00a0\u00bb10px||5px||false|false\u00a0\u00bb global_colors_info=\u00a0\u00bb{}\u00a0\u00bb][et_pb_column type=\u00a0\u00bb1_2&Prime; _builder_version=\u00a0\u00bb4.16&Prime; _module_preset=\u00a0\u00bbdefault\u00a0\u00bb global_colors_info=\u00a0\u00bb{}\u00a0\u00bb][\/et_pb_column][et_pb_column type=\u00a0\u00bb1_2&Prime; _builder_version=\u00a0\u00bb4.16&Prime; _module_preset=\u00a0\u00bbdefault\u00a0\u00bb global_colors_info=\u00a0\u00bb{}\u00a0\u00bb][\/et_pb_column][\/et_pb_row][et_pb_row use_custom_gutter=\u00a0\u00bbon\u00a0\u00bb gutter_width=\u00a0\u00bb3&Prime; _builder_version=\u00a0\u00bb4.17.3&Prime; _module_preset=\u00a0\u00bbbfccc00c-ac70-482f-9713-4846d3a5dda8&Prime; global_colors_info=\u00a0\u00bb{}\u00a0\u00bb][et_pb_column type=\u00a0\u00bb4_4&Prime; _builder_version=\u00a0\u00bb4.16&Prime; _module_preset=\u00a0\u00bbdefault\u00a0\u00bb global_colors_info=\u00a0\u00bb{}\u00a0\u00bb][et_pb_image src=\u00a0\u00bbhttps:\/\/swiss-pvd-coating.ch\/wp-content\/uploads\/2023\/12\/Deco-Photo-1.jpg\u00a0\u00bb title_text=\u00a0\u00bbDeco Photo\u00a0\u00bb _builder_version=\u00a0\u00bb4.22.2&Prime; _module_preset=\u00a0\u00bbdefault\u00a0\u00bb custom_margin=\u00a0\u00bb||20px||false|false\u00a0\u00bb custom_margin_tablet=\u00a0\u00bb||15px||false|false\u00a0\u00bb custom_margin_phone=\u00a0\u00bb||13px||false|false\u00a0\u00bb custom_margin_last_edited=\u00a0\u00bbon|desktop\u00a0\u00bb hover_enabled=\u00a0\u00bb0&Prime; global_colors_info=\u00a0\u00bb{}\u00a0\u00bb sticky_enabled=\u00a0\u00bb0&Prime;][\/et_pb_image][\/et_pb_column][\/et_pb_row][\/et_pb_section][et_pb_section fb_built=\u00a0\u00bb1&Prime; _builder_version=\u00a0\u00bb4.16&Prime; _module_preset=\u00a0\u00bbfdba456b-3aab-4823-ac95-30ff89c7be22&Prime; global_colors_info=\u00a0\u00bb{}\u00a0\u00bb][\/et_pb_section]<\/p>\n","protected":false},"excerpt":{"rendered":"<p>Rev\u00eatement PVD d\u00e9coratifLa technologie HDP PVD Arc est utilis\u00e9e dans diff\u00e9rentes industries \u00e0 des fins d\u00e9coratives, o\u00f9 les aspects optiques et la r\u00e9sistance \u00e0 l&rsquo;usure doivent \u00eatre combin\u00e9s.Nous offrons une vari\u00e9t\u00e9 de recouvrements d\u00e9co-fonctionnels avec diff\u00e9rentes couleurs et r\u00e9sistances \u00e0 l\u2019usure. Depuis sa cr\u00e9ation, swiss-PVD Coating AG a d\u00e9velopp\u00e9 et maintenu une forte pr\u00e9sence sur [&hellip;]<\/p>\n","protected":false},"author":1,"featured_media":2564,"parent":0,"menu_order":0,"comment_status":"closed","ping_status":"closed","template":"","meta":{"_et_pb_use_builder":"on","_et_pb_old_content":"","_et_gb_content_width":"","footnotes":""},"_links":{"self":[{"href":"https:\/\/swiss-pvd-coating.ch\/fr\/wp-json\/wp\/v2\/pages\/3878"}],"collection":[{"href":"https:\/\/swiss-pvd-coating.ch\/fr\/wp-json\/wp\/v2\/pages"}],"about":[{"href":"https:\/\/swiss-pvd-coating.ch\/fr\/wp-json\/wp\/v2\/types\/page"}],"author":[{"embeddable":true,"href":"https:\/\/swiss-pvd-coating.ch\/fr\/wp-json\/wp\/v2\/users\/1"}],"replies":[{"embeddable":true,"href":"https:\/\/swiss-pvd-coating.ch\/fr\/wp-json\/wp\/v2\/comments?post=3878"}],"version-history":[{"count":6,"href":"https:\/\/swiss-pvd-coating.ch\/fr\/wp-json\/wp\/v2\/pages\/3878\/revisions"}],"predecessor-version":[{"id":5254,"href":"https:\/\/swiss-pvd-coating.ch\/fr\/wp-json\/wp\/v2\/pages\/3878\/revisions\/5254"}],"wp:featuredmedia":[{"embeddable":true,"href":"https:\/\/swiss-pvd-coating.ch\/fr\/wp-json\/wp\/v2\/media\/2564"}],"wp:attachment":[{"href":"https:\/\/swiss-pvd-coating.ch\/fr\/wp-json\/wp\/v2\/media?parent=3878"}],"curies":[{"name":"wp","href":"https:\/\/api.w.org\/{rel}","templated":true}]}}