{"id":4164,"date":"2024-07-24T09:12:14","date_gmt":"2024-07-24T07:12:14","guid":{"rendered":"https:\/\/swiss-pvd-coating.ch\/login\/"},"modified":"2024-07-24T09:12:14","modified_gmt":"2024-07-24T07:12:14","slug":"login","status":"publish","type":"page","link":"https:\/\/swiss-pvd-coating.ch\/fr\/login\/","title":{"rendered":"Login"},"content":{"rendered":"<p>[et_pb_section fb_built=\u00a0\u00bb1&Prime; _builder_version=\u00a0\u00bb4.17.3&Prime; _module_preset=\u00a0\u00bbdefault\u00a0\u00bb custom_padding=\u00a0\u00bb0px||0px||false|false\u00a0\u00bb global_colors_info=\u00a0\u00bb{}\u00a0\u00bb][et_pb_row _builder_version=\u00a0\u00bb4.16&Prime; _module_preset=\u00a0\u00bbdefault\u00a0\u00bb global_colors_info=\u00a0\u00bb{}\u00a0\u00bb][et_pb_column type=\u00a0\u00bb4_4&Prime; _builder_version=\u00a0\u00bb4.16&Prime; _module_preset=\u00a0\u00bbdefault\u00a0\u00bb global_colors_info=\u00a0\u00bb{}\u00a0\u00bb][pc_login redirect=\u00a0\u00bb\/login\/\u00a0\u00bb admin_label=\u00a0\u00bbLogin\u00a0\u00bb _builder_version=\u00a0\u00bb4.14.6&Prime; _module_preset=\u00a0\u00bbdefault\u00a0\u00bb global_colors_info=\u00a0\u00bb{}\u00a0\u00bb][\/pc_login][\/et_pb_column][\/et_pb_row][\/et_pb_section][et_pb_section fb_built=\u00a0\u00bb1&Prime; _builder_version=\u00a0\u00bb4.17.3&Prime; _module_preset=\u00a0\u00bbdefault\u00a0\u00bb custom_padding=\u00a0\u00bb0px||0px||false|false\u00a0\u00bb global_colors_info=\u00a0\u00bb{}\u00a0\u00bb][et_pb_row column_structure=\u00a0\u00bb1_2,1_2&Prime; _builder_version=\u00a0\u00bb4.17.3&Prime; _module_preset=\u00a0\u00bbdefault\u00a0\u00bb custom_padding=\u00a0\u00bb||0px||false|false\u00a0\u00bb global_colors_info=\u00a0\u00bb{}\u00a0\u00bb][et_pb_column type=\u00a0\u00bb1_2&Prime; _builder_version=\u00a0\u00bb4.16&Prime; _module_preset=\u00a0\u00bbdefault\u00a0\u00bb global_colors_info=\u00a0\u00bb{}\u00a0\u00bb]<\/p>\n<p>[pc_pvt_block allow=\u00a0\u00bboff|on|off\u00a0\u00bb pvt_block_txt=\u00a0\u00bb<\/p>\n<h1>Pick-up<\/h1>\n<p>Pour un pick-up le jour m\u00eame, nous vous prions de nous avertir avant 11h30. Nous ne sommes pas responsables des livraisons mal emball\u00e9es ou endommag\u00e9es.\u00a0\u00bb admin_label=\u00a0\u00bbPC &#8211; Private Block\u00a0\u00bb _builder_version=\u00a0\u00bb4.14.6&Prime; _module_preset=\u00a0\u00bbdefault\u00a0\u00bb global_colors_info=\u00a0\u00bb{}\u00a0\u00bb][\/pc_pvt_block]<\/p>\n<p>[\/et_pb_column][et_pb_column type=\u00a0\u00bb1_2&Prime; _builder_version=\u00a0\u00bb4.16&Prime; _module_preset=\u00a0\u00bbdefault\u00a0\u00bb global_colors_info=\u00a0\u00bb{}\u00a0\u00bb]<\/p>\n<p>[pc_pvt_block allow=\u00a0\u00bboff|on|off\u00a0\u00bb pvt_block_txt=\u00a0\u00bb<\/p>\n<h3>Pick-up adresse<\/h3>\n<p>\u00a0\u00bb admin_label=\u00a0\u00bbPC &#8211; Private Block\u00a0\u00bb _builder_version=\u00a0\u00bb4.14.6&Prime; _module_preset=\u00a0\u00bbdefault\u00a0\u00bb global_colors_info=\u00a0\u00bb{}\u00a0\u00bb][\/pc_pvt_block][pcud_form align=\u00a0\u00bbleft\u00a0\u00bb _builder_version=\u00a0\u00bb4.17.3&Prime; _module_preset=\u00a0\u00bbdefault\u00a0\u00bb hover_enabled=\u00a0\u00bb0&Prime; global_colors_info=\u00a0\u00bb{}\u00a0\u00bb layout=\u00a0\u00bbone_col\u00a0\u00bb sticky_enabled=\u00a0\u00bb0&Prime;][\/pcud_form]<\/p>\n<p>[\/et_pb_column][\/et_pb_row][\/et_pb_section][et_pb_section fb_built=\u00a0\u00bb1&Prime; _builder_version=\u00a0\u00bb4.17.3&Prime; _module_preset=\u00a0\u00bbdefault\u00a0\u00bb custom_padding=\u00a0\u00bb0px||0px||false|false\u00a0\u00bb global_colors_info=\u00a0\u00bb{}\u00a0\u00bb][et_pb_row column_structure=\u00a0\u00bb1_2,1_2&Prime; _builder_version=\u00a0\u00bb4.17.3&Prime; _module_preset=\u00a0\u00bbdefault\u00a0\u00bb custom_padding=\u00a0\u00bb||0px||false|false\u00a0\u00bb global_colors_info=\u00a0\u00bb{}\u00a0\u00bb][et_pb_column type=\u00a0\u00bb1_2&Prime; _builder_version=\u00a0\u00bb4.16&Prime; _module_preset=\u00a0\u00bbdefault\u00a0\u00bb global_colors_info=\u00a0\u00bb{}\u00a0\u00bb][\/et_pb_column][et_pb_column type=\u00a0\u00bb1_2&Prime; _builder_version=\u00a0\u00bb4.16&Prime; _module_preset=\u00a0\u00bbdefault\u00a0\u00bb global_colors_info=\u00a0\u00bb{}\u00a0\u00bb]<\/p>\n<p>[pc_pvt_block allow=\u00a0\u00bboff|on|off\u00a0\u00bb pvt_block_txt=\u00a0\u00bb<\/p>\n<h3>Logout<\/h3>\n<p>\u00a0\u00bb admin_label=\u00a0\u00bbPC &#8211; Private Block\u00a0\u00bb _builder_version=\u00a0\u00bb4.14.6&Prime; _module_preset=\u00a0\u00bbdefault\u00a0\u00bb global_colors_info=\u00a0\u00bb{}\u00a0\u00bb][\/pc_pvt_block][pc_logout admin_label=\u00a0\u00bbPC &#8211; Logout Button\u00a0\u00bb _builder_version=\u00a0\u00bb4.17.3&Prime; _module_preset=\u00a0\u00bbdefault\u00a0\u00bb custom_css_main_element=\u00a0\u00bbpadding-bottom: 50px;\u00a0\u00bb global_colors_info=\u00a0\u00bb{}\u00a0\u00bb][\/pc_logout]<\/p>\n<p>[\/et_pb_column][\/et_pb_row][\/et_pb_section]<\/p>\n","protected":false},"excerpt":{"rendered":"<p><div class=\"et_pb_module pc_login pc_login_0\">\n\t\t\t\t\n\t\t\t\t\n\t\t\t\t\n\t\t\t\t\n\t\t\t\t\n\t\t\t\t\n\t\t\t\t<div class=\"et_pb_module_inner\">\n\t\t\t\t\t<div class=\"pc_aligned_form pc_falign_center\"><form class=\"pc_login_form     has_pcma_psw_recovery\" data-pc_redirect=\"\/login\/\"><div class=\"pc_login_row pc_lf_username \"><label>Identifiant<\/label><div class=\"pc_field_container\"><input type=\"text\" name=\"pc_auth_username\" value=\"\"  autocapitalize=\"off\" autocomplete=\"off\" autocorrect=\"off\" aria-label=\"Identifiant\" maxlength=\"150\" \/><\/div><\/div><div class=\"pc_login_row pc_lf_psw \"><label>Mot de passe<\/label><div class=\"pc_field_container\"><input type=\"password\" name=\"pc_auth_psw\" value=\"\"  autocapitalize=\"off\" autocomplete=\"off\" autocorrect=\"off\" aria-label=\"Mot de passe\" \/><\/div><\/div><div class=\"pc_hnpt_code\"><label>Antispam 1<\/label><input type=\"text\" name=\"pc_hnpt_1\" value=\"\" autocomplete=\"off\" \/><label>Antispam 2<\/label><input type=\"text\" name=\"pc_hnpt_2\" value=\"79\" autocomplete=\"off\" \/><label>Antispam 3<\/label><input type=\"text\" name=\"pc_hnpt_3\" value=\"b4e45ff6d75536978079b859cb5e9e82\" autocomplete=\"off\" \/><\/div>        <div class=\"pc_lf_subfields\">            <div class=\"pc_login_smalls\"><small class=\"pcma_psw_recovery_trigger\">mot de passe oubli\u00e9?<\/small><\/div>            <div id=\"pc_auth_message\"><\/div>        <\/div>            <button class=\"pc_auth_btn\" type=\"submit\">            <span class=\"pc_inner_btn\">Se connecter<\/span>        <\/button>        <div class=\"pcma_psw_recovery_wrap pc_displaynone\">            <div class=\"pc_login_row \">                <label>Entrer votre nom d'utilisateur ou votre e-mail<\/label>                <div class=\"pc_field_container\">                                        <input type=\"text\" name=\"pcma_psw_username\" class=\"pcma_psw_username\" value=\"\"  autocomplete=\"off\" \/>                <\/div>            <\/div>                        <div class=\"pc_lf_subfields\">                <div class=\"pc_login_smalls\">                    <small class=\"pcma_del_recovery\">Retour au formulaire de connexion<\/small>                <\/div>                <div class=\"pcma_psw_recovery_message\"><\/div>            <\/div>                        <button class=\"pcma_do_recovery\" type=\"button\">                <span class=\"pc_inner_btn\">R\u00e9cup\u00e9rer<\/span>            <\/button>        <\/div><\/form>        <script type=\"text\/javascript\">    (function() {         \"use strict\";        const intval = setInterval(() => {            if(typeof(pc_lf_overlapping_smalls_check) == \"undefined\") {                return true;            }            else {                clearTimeout(intval);                window.pc_lf_overlapping_smalls_check();window.pc_lf_labels_h_check();            }        }, 50);    })();    <\/script><\/div>\n\t\t\t\t<\/div>\n\t\t\t<\/div><div class=\"et_pb_module pc_pvt_block pc_pvt_block_0\">\n\t\t\t\t\n\t\t\t\t\n\t\t\t\t\n\t\t\t\t\n\t\t\t\t\n\t\t\t\t\n\t\t\t\t<div class=\"et_pb_module_inner\">\n\t\t\t\t\t\n\t\t\t\t<\/div>\n\t\t\t<\/div><div class=\"et_pb_module pc_pvt_block pc_pvt_block_1\">\n\t\t\t\t\n\t\t\t\t\n\t\t\t\t\n\t\t\t\t\n\t\t\t\t\n\t\t\t\t\n\t\t\t\t<div class=\"et_pb_module_inner\">\n\t\t\t\t\t\n\t\t\t\t<\/div>\n\t\t\t<\/div><div class=\"et_pb_module pcud_form pcud_form_0\">\n\t\t\t\t\n\t\t\t\t\n\t\t\t\t\n\t\t\t\t\n\t\t\t\t\n\t\t\t\t\n\t\t\t\t<div class=\"et_pb_module_inner\">\n\t\t\t\t\t\n\t\t\t\t<\/div>\n\t\t\t<\/div><\/p>\n","protected":false},"author":1,"featured_media":0,"parent":0,"menu_order":0,"comment_status":"closed","ping_status":"closed","template":"","meta":{"_et_pb_use_builder":"on","_et_pb_old_content":"","_et_gb_content_width":"","footnotes":""},"_links":{"self":[{"href":"https:\/\/swiss-pvd-coating.ch\/fr\/wp-json\/wp\/v2\/pages\/4164"}],"collection":[{"href":"https:\/\/swiss-pvd-coating.ch\/fr\/wp-json\/wp\/v2\/pages"}],"about":[{"href":"https:\/\/swiss-pvd-coating.ch\/fr\/wp-json\/wp\/v2\/types\/page"}],"author":[{"embeddable":true,"href":"https:\/\/swiss-pvd-coating.ch\/fr\/wp-json\/wp\/v2\/users\/1"}],"replies":[{"embeddable":true,"href":"https:\/\/swiss-pvd-coating.ch\/fr\/wp-json\/wp\/v2\/comments?post=4164"}],"version-history":[{"count":2,"href":"https:\/\/swiss-pvd-coating.ch\/fr\/wp-json\/wp\/v2\/pages\/4164\/revisions"}],"predecessor-version":[{"id":4166,"href":"https:\/\/swiss-pvd-coating.ch\/fr\/wp-json\/wp\/v2\/pages\/4164\/revisions\/4166"}],"wp:attachment":[{"href":"https:\/\/swiss-pvd-coating.ch\/fr\/wp-json\/wp\/v2\/media?parent=4164"}],"curies":[{"name":"wp","href":"https:\/\/api.w.org\/{rel}","templated":true}]}}